{"id":111,"date":"2016-01-15T11:41:37","date_gmt":"2016-01-15T11:41:37","guid":{"rendered":"http:\/\/www.martini-mediation.de\/?page_id=111"},"modified":"2016-03-07T10:21:21","modified_gmt":"2016-03-07T10:21:21","slug":"wann-ist-mediation-sinnvoll","status":"publish","type":"page","link":"https:\/\/www.martini-mediation.de\/?page_id=111","title":{"rendered":"Wann ist Mediation sinnvoll?"},"content":{"rendered":"\n<style type=\"text\/css\" data-created_by=\"avia_inline_auto\" id=\"style-css-av-av_three_fourth-345fe5fa34aee26333e618fc95f0011f\">\n.flex_column.av-av_three_fourth-345fe5fa34aee26333e618fc95f0011f{\nborder-radius:0px 0px 0px 0px;\npadding:0px 0px 0 25%;\n}\n<\/style>\n<div  class='flex_column av-av_three_fourth-345fe5fa34aee26333e618fc95f0011f av_three_fourth  avia-builder-el-0  el_before_av_heading  avia-builder-el-first  first flex_column_div  '     ><style type=\"text\/css\" data-created_by=\"avia_inline_auto\" id=\"style-css-av-av_image-1c2b72fabded407bf82a38533e9456ff\">\n.avia-image-container.av-av_image-1c2b72fabded407bf82a38533e9456ff img.avia_image{\nbox-shadow:none;\n}\n.avia-image-container.av-av_image-1c2b72fabded407bf82a38533e9456ff .av-image-caption-overlay-center{\ncolor:#ffffff;\n}\n<\/style>\n<div  class='avia-image-container av-av_image-1c2b72fabded407bf82a38533e9456ff av-styling- avia-align-center  avia-builder-el-1  avia-builder-el-no-sibling '   itemprop=\"image\" itemscope=\"itemscope\" itemtype=\"https:\/\/schema.org\/ImageObject\" ><div class=\"avia-image-container-inner\"><div class=\"avia-image-overlay-wrap\"><img decoding=\"async\" fetchpriority=\"high\" class='wp-image-163 avia-img-lazy-loading-not-163 avia_image ' src=\"https:\/\/www.martini-mediation.de\/wp-content\/uploads\/2016\/02\/Mediation-5-1500x630.jpg\" alt='' title='Mediatorin Erlangen'  height=\"630\" width=\"1500\"  itemprop=\"thumbnailUrl\"  \/><\/div><\/div><\/div><\/div>\n\n<style type=\"text\/css\" data-created_by=\"avia_inline_auto\" id=\"style-css-av-av_heading-df8795992294d607ccb15b2fd611bd7f\">\n#top .av-special-heading.av-av_heading-df8795992294d607ccb15b2fd611bd7f{\npadding-bottom:20px;\ncolor:#83a846;\n}\nbody .av-special-heading.av-av_heading-df8795992294d607ccb15b2fd611bd7f .av-special-heading-tag .heading-char{\nfont-size:25px;\n}\n.av-special-heading.av-av_heading-df8795992294d607ccb15b2fd611bd7f .special-heading-inner-border{\nborder-color:#83a846;\n}\n.av-special-heading.av-av_heading-df8795992294d607ccb15b2fd611bd7f .av-subheading{\nfont-size:15px;\n}\n<\/style>\n<div  class='av-special-heading av-av_heading-df8795992294d607ccb15b2fd611bd7f av-special-heading-h3 custom-color-heading blockquote modern-quote  avia-builder-el-2  el_after_av_three_fourth  el_before_av_textblock '><h3 class='av-special-heading-tag'  itemprop=\"headline\"  >Wann ist Mediation sinnvoll?<\/h3><div class=\"special-heading-border\"><div class=\"special-heading-inner-border\"><\/div><\/div><\/div>\n<section  class='av_textblock_section av-av_textblock-0366cc7376be6c9e82a3e9cc8987b64f '   itemscope=\"itemscope\" itemtype=\"https:\/\/schema.org\/CreativeWork\" ><div class='avia_textblock'  itemprop=\"text\" ><p>Das Mediationsverfahren eignet sich im Prinzip f\u00fcr alle Arten von Konflikten, in unterschiedlichen Lebensbereichen:<\/p>\n<ul>\n<li>in der Familie (Ehekonflikte, Trennung, Scheidung, Eltern-Kind-Konflikte, Erbauseinandersetzungen)<\/li>\n<li>am Arbeitsplatz (Konflikte zwischen Kollegen, zwischen Arbeitnehmer und Arbeitgeber)<\/li>\n<li>in der Schule (Konflikte zwischen Lehrern, Sch\u00fclern und Eltern in verschiedenen Konstellationen)<\/li>\n<li>in der Wirtschaft (zwischen Unternehmen, zwischen Kunden und Unternehmen)<\/li>\n<li>in der Nachbarschaft<\/li>\n<li>im Verh\u00e4ltnis zwischen Staat und B\u00fcrger<\/li>\n<\/ul>\n<p>In jedem Konflikt steckt das Potential f\u00fcr eine konsensf\u00e4hige L\u00f6sung.<\/p>\n<p>Die wichtigste Voraussetzung ist, dass alle Beteiligten die Bereitschaft f\u00fcr eine einvernehmliche Einigung mitbringen.<\/p>\n<p>Besonders bei Konflikten zwischen Menschen, deren Beziehung auf Dauer angelegt ist wie z.B. im Nachbarschaftsverh\u00e4ltnis, ist eine einvernehmlich getroffene L\u00f6sung von Vorteil, da sie zur Vers\u00f6hnung der Parteien beitragen kann.<\/p>\n<p>Aber auch, wenn Sie eine Beziehung fair und geordnet beenden m\u00f6chten, ist ein Mediationsverfahren eine sinnvolle Alternative zu einem langwierigen, kostspieligen und emotional belastenden Gerichtsverfahren.<\/p>\n<\/div><\/section>\n","protected":false},"excerpt":{"rendered":"","protected":false},"author":1,"featured_media":0,"parent":44,"menu_order":5,"comment_status":"closed","ping_status":"closed","template":"","meta":{"footnotes":""},"_links":{"self":[{"href":"https:\/\/www.martini-mediation.de\/index.php?rest_route=\/wp\/v2\/pages\/111"}],"collection":[{"href":"https:\/\/www.martini-mediation.de\/index.php?rest_route=\/wp\/v2\/pages"}],"about":[{"href":"https:\/\/www.martini-mediation.de\/index.php?rest_route=\/wp\/v2\/types\/page"}],"author":[{"embeddable":true,"href":"https:\/\/www.martini-mediation.de\/index.php?rest_route=\/wp\/v2\/users\/1"}],"replies":[{"embeddable":true,"href":"https:\/\/www.martini-mediation.de\/index.php?rest_route=%2Fwp%2Fv2%2Fcomments&post=111"}],"version-history":[{"count":7,"href":"https:\/\/www.martini-mediation.de\/index.php?rest_route=\/wp\/v2\/pages\/111\/revisions"}],"predecessor-version":[{"id":227,"href":"https:\/\/www.martini-mediation.de\/index.php?rest_route=\/wp\/v2\/pages\/111\/revisions\/227"}],"up":[{"embeddable":true,"href":"https:\/\/www.martini-mediation.de\/index.php?rest_route=\/wp\/v2\/pages\/44"}],"wp:attachment":[{"href":"https:\/\/www.martini-mediation.de\/index.php?rest_route=%2Fwp%2Fv2%2Fmedia&parent=111"}],"curies":[{"name":"wp","href":"https:\/\/api.w.org\/{rel}","templated":true}]}}