{"id":8,"date":"2015-08-21T20:25:08","date_gmt":"2015-08-21T20:25:08","guid":{"rendered":"http:\/\/martini-mediation.de\/?page_id=8"},"modified":"2016-03-07T10:13:31","modified_gmt":"2016-03-07T10:13:31","slug":"seite-1","status":"publish","type":"page","link":"https:\/\/www.martini-mediation.de\/","title":{"rendered":"Herzlich Wilkommen!"},"content":{"rendered":"\n<style type=\"text\/css\" data-created_by=\"avia_inline_auto\" id=\"style-css-av-av_gallery-835c3672064de76228d13703c4e32402\">\n#top .avia-gallery.av-av_gallery-835c3672064de76228d13703c4e32402 .avia-gallery-thumb a{\nwidth:16.6667%;\n}\n<\/style>\n<div  class='avia-gallery av-av_gallery-835c3672064de76228d13703c4e32402 avia_animate_when_visible  avia-builder-el-0  el_before_av_heading  avia-builder-el-first  deactivate_avia_lazyload avia-gallery-animate avia-gallery-1'  itemprop=\"image\" itemscope=\"itemscope\" itemtype=\"https:\/\/schema.org\/ImageObject\" ><meta itemprop=\"contentURL\" content=\"https:\/\/www.martini-mediation.de\/\"><div class='avia-gallery-thumb'><a href=\"https:\/\/www.martini-mediation.de\/wp-content\/uploads\/2016\/02\/Mediation-1-1024x683.jpg\" data-srcset=\"https:\/\/www.martini-mediation.de\/wp-content\/uploads\/2016\/02\/Mediation-1-1024x683.jpg 1024w, https:\/\/www.martini-mediation.de\/wp-content\/uploads\/2016\/02\/Mediation-1-300x200.jpg 300w, https:\/\/www.martini-mediation.de\/wp-content\/uploads\/2016\/02\/Mediation-1-768x512.jpg 768w, https:\/\/www.martini-mediation.de\/wp-content\/uploads\/2016\/02\/Mediation-1-1500x1000.jpg 1500w, https:\/\/www.martini-mediation.de\/wp-content\/uploads\/2016\/02\/Mediation-1-705x470.jpg 705w, https:\/\/www.martini-mediation.de\/wp-content\/uploads\/2016\/02\/Mediation-1-450x300.jpg 450w\" data-sizes=\"(max-width: 1024px) 100vw, 1024px\" data-rel='gallery-1' data-prev-img='https:\/\/www.martini-mediation.de\/wp-content\/uploads\/2016\/02\/Mediation-1-495x400.jpg' class='first_thumb avianolink noLightbox ' data-onclick='1' title='Mediation Erlangen'  itemprop=\"thumbnailUrl\"  ><img decoding=\"async\" fetchpriority=\"high\" class=\"wp-image-159 avia-img-lazy-loading-not-159\"   src=\"https:\/\/www.martini-mediation.de\/wp-content\/uploads\/2016\/02\/Mediation-1.jpg\" width=\"2606\" height=\"1737\"  title='Mediation Erlangen' alt='' srcset=\"https:\/\/www.martini-mediation.de\/wp-content\/uploads\/2016\/02\/Mediation-1.jpg 2606w, https:\/\/www.martini-mediation.de\/wp-content\/uploads\/2016\/02\/Mediation-1-300x200.jpg 300w, https:\/\/www.martini-mediation.de\/wp-content\/uploads\/2016\/02\/Mediation-1-768x512.jpg 768w, https:\/\/www.martini-mediation.de\/wp-content\/uploads\/2016\/02\/Mediation-1-1024x683.jpg 1024w, https:\/\/www.martini-mediation.de\/wp-content\/uploads\/2016\/02\/Mediation-1-1500x1000.jpg 1500w, https:\/\/www.martini-mediation.de\/wp-content\/uploads\/2016\/02\/Mediation-1-705x470.jpg 705w, https:\/\/www.martini-mediation.de\/wp-content\/uploads\/2016\/02\/Mediation-1-450x300.jpg 450w\" sizes=\"(max-width: 2606px) 100vw, 2606px\" \/><div class='big-prev-fake'><img decoding=\"async\" loading=\"lazy\" class=\"wp-image-159 avia-img-lazy-loading-159\"  width=\"495\" height=\"400\" src=\"https:\/\/www.martini-mediation.de\/wp-content\/uploads\/2016\/02\/Mediation-1-495x400.jpg\" title='Mediation Erlangen' alt='' srcset=\"https:\/\/www.martini-mediation.de\/wp-content\/uploads\/2016\/02\/Mediation-1-495x400.jpg 495w, https:\/\/www.martini-mediation.de\/wp-content\/uploads\/2016\/02\/Mediation-1-845x684.jpg 845w\" sizes=\"(max-width: 495px) 100vw, 495px\" \/><\/div><\/a><a href=\"https:\/\/www.martini-mediation.de\/wp-content\/uploads\/2016\/02\/Mediation-2-1024x710.jpg\" data-srcset=\"https:\/\/www.martini-mediation.de\/wp-content\/uploads\/2016\/02\/Mediation-2-1024x710.jpg 1024w, https:\/\/www.martini-mediation.de\/wp-content\/uploads\/2016\/02\/Mediation-2-300x208.jpg 300w, https:\/\/www.martini-mediation.de\/wp-content\/uploads\/2016\/02\/Mediation-2-768x532.jpg 768w, https:\/\/www.martini-mediation.de\/wp-content\/uploads\/2016\/02\/Mediation-2-1500x1039.jpg 1500w, https:\/\/www.martini-mediation.de\/wp-content\/uploads\/2016\/02\/Mediation-2-705x489.jpg 705w, https:\/\/www.martini-mediation.de\/wp-content\/uploads\/2016\/02\/Mediation-2-450x312.jpg 450w, https:\/\/www.martini-mediation.de\/wp-content\/uploads\/2016\/02\/Mediation-2.jpg 1837w\" data-sizes=\"(max-width: 1024px) 100vw, 1024px\" data-rel='gallery-1' data-prev-img='https:\/\/www.martini-mediation.de\/wp-content\/uploads\/2016\/02\/Mediation-2-495x400.jpg' class='avianolink noLightbox ' data-onclick='2' title='Mediatiorin Katharina Martini'  itemprop=\"thumbnailUrl\"  ><img decoding=\"async\" fetchpriority=\"high\" class=\"wp-image-160 avia-img-lazy-loading-not-160\"   src=\"https:\/\/www.martini-mediation.de\/wp-content\/uploads\/2016\/02\/Mediation-2.jpg\" width=\"1837\" height=\"1273\"  title='Mediatiorin Katharina Martini' alt='' srcset=\"https:\/\/www.martini-mediation.de\/wp-content\/uploads\/2016\/02\/Mediation-2.jpg 1837w, https:\/\/www.martini-mediation.de\/wp-content\/uploads\/2016\/02\/Mediation-2-300x208.jpg 300w, https:\/\/www.martini-mediation.de\/wp-content\/uploads\/2016\/02\/Mediation-2-768x532.jpg 768w, https:\/\/www.martini-mediation.de\/wp-content\/uploads\/2016\/02\/Mediation-2-1024x710.jpg 1024w, https:\/\/www.martini-mediation.de\/wp-content\/uploads\/2016\/02\/Mediation-2-1500x1039.jpg 1500w, https:\/\/www.martini-mediation.de\/wp-content\/uploads\/2016\/02\/Mediation-2-705x489.jpg 705w, https:\/\/www.martini-mediation.de\/wp-content\/uploads\/2016\/02\/Mediation-2-450x312.jpg 450w\" sizes=\"(max-width: 1837px) 100vw, 1837px\" \/><div class='big-prev-fake'><img decoding=\"async\" loading=\"lazy\" class=\"wp-image-160 avia-img-lazy-loading-160\"  width=\"495\" height=\"400\" src=\"https:\/\/www.martini-mediation.de\/wp-content\/uploads\/2016\/02\/Mediation-2-495x400.jpg\" title='Mediatiorin Katharina Martini' alt='' srcset=\"https:\/\/www.martini-mediation.de\/wp-content\/uploads\/2016\/02\/Mediation-2-495x400.jpg 495w, https:\/\/www.martini-mediation.de\/wp-content\/uploads\/2016\/02\/Mediation-2-845x684.jpg 845w\" sizes=\"(max-width: 495px) 100vw, 495px\" \/><\/div><\/a><a href=\"https:\/\/www.martini-mediation.de\/wp-content\/uploads\/2016\/02\/Mediation-3-1024x709.jpg\" data-srcset=\"https:\/\/www.martini-mediation.de\/wp-content\/uploads\/2016\/02\/Mediation-3-1024x709.jpg 1024w, https:\/\/www.martini-mediation.de\/wp-content\/uploads\/2016\/02\/Mediation-3-300x208.jpg 300w, https:\/\/www.martini-mediation.de\/wp-content\/uploads\/2016\/02\/Mediation-3-768x532.jpg 768w, https:\/\/www.martini-mediation.de\/wp-content\/uploads\/2016\/02\/Mediation-3-1500x1039.jpg 1500w, https:\/\/www.martini-mediation.de\/wp-content\/uploads\/2016\/02\/Mediation-3-705x488.jpg 705w, https:\/\/www.martini-mediation.de\/wp-content\/uploads\/2016\/02\/Mediation-3-450x312.jpg 450w, https:\/\/www.martini-mediation.de\/wp-content\/uploads\/2016\/02\/Mediation-3.jpg 1967w\" data-sizes=\"(max-width: 1024px) 100vw, 1024px\" data-rel='gallery-1' data-prev-img='https:\/\/www.martini-mediation.de\/wp-content\/uploads\/2016\/02\/Mediation-3-495x400.jpg' class='avianolink noLightbox ' data-onclick='3' title='Mediation Erlangen'  itemprop=\"thumbnailUrl\"  ><img decoding=\"async\" fetchpriority=\"high\" class=\"wp-image-161 avia-img-lazy-loading-not-161\"   src=\"https:\/\/www.martini-mediation.de\/wp-content\/uploads\/2016\/02\/Mediation-3.jpg\" width=\"1967\" height=\"1362\"  title='Mediation Erlangen' alt='' srcset=\"https:\/\/www.martini-mediation.de\/wp-content\/uploads\/2016\/02\/Mediation-3.jpg 1967w, https:\/\/www.martini-mediation.de\/wp-content\/uploads\/2016\/02\/Mediation-3-300x208.jpg 300w, https:\/\/www.martini-mediation.de\/wp-content\/uploads\/2016\/02\/Mediation-3-768x532.jpg 768w, https:\/\/www.martini-mediation.de\/wp-content\/uploads\/2016\/02\/Mediation-3-1024x709.jpg 1024w, https:\/\/www.martini-mediation.de\/wp-content\/uploads\/2016\/02\/Mediation-3-1500x1039.jpg 1500w, https:\/\/www.martini-mediation.de\/wp-content\/uploads\/2016\/02\/Mediation-3-705x488.jpg 705w, https:\/\/www.martini-mediation.de\/wp-content\/uploads\/2016\/02\/Mediation-3-450x312.jpg 450w\" sizes=\"(max-width: 1967px) 100vw, 1967px\" \/><div class='big-prev-fake'><img decoding=\"async\" loading=\"lazy\" class=\"wp-image-161 avia-img-lazy-loading-161\"  width=\"495\" height=\"400\" src=\"https:\/\/www.martini-mediation.de\/wp-content\/uploads\/2016\/02\/Mediation-3-495x400.jpg\" title='Mediation Erlangen' alt='' srcset=\"https:\/\/www.martini-mediation.de\/wp-content\/uploads\/2016\/02\/Mediation-3-495x400.jpg 495w, https:\/\/www.martini-mediation.de\/wp-content\/uploads\/2016\/02\/Mediation-3-845x684.jpg 845w\" sizes=\"(max-width: 495px) 100vw, 495px\" \/><\/div><\/a><a href=\"https:\/\/www.martini-mediation.de\/wp-content\/uploads\/2016\/02\/Mediation-4-1024x706.jpg\" data-srcset=\"https:\/\/www.martini-mediation.de\/wp-content\/uploads\/2016\/02\/Mediation-4-1024x706.jpg 1024w, https:\/\/www.martini-mediation.de\/wp-content\/uploads\/2016\/02\/Mediation-4-300x207.jpg 300w, https:\/\/www.martini-mediation.de\/wp-content\/uploads\/2016\/02\/Mediation-4-768x530.jpg 768w, https:\/\/www.martini-mediation.de\/wp-content\/uploads\/2016\/02\/Mediation-4-705x486.jpg 705w, https:\/\/www.martini-mediation.de\/wp-content\/uploads\/2016\/02\/Mediation-4-450x310.jpg 450w, https:\/\/www.martini-mediation.de\/wp-content\/uploads\/2016\/02\/Mediation-4.jpg 1148w\" data-sizes=\"(max-width: 1024px) 100vw, 1024px\" data-rel='gallery-1' data-prev-img='https:\/\/www.martini-mediation.de\/wp-content\/uploads\/2016\/02\/Mediation-4-495x400.jpg' class='avianolink noLightbox ' data-onclick='4' title='Mediatorin'  itemprop=\"thumbnailUrl\"  ><img decoding=\"async\" fetchpriority=\"high\" class=\"wp-image-162 avia-img-lazy-loading-not-162\"   src=\"https:\/\/www.martini-mediation.de\/wp-content\/uploads\/2016\/02\/Mediation-4.jpg\" width=\"1148\" height=\"792\"  title='Mediatorin' alt='' srcset=\"https:\/\/www.martini-mediation.de\/wp-content\/uploads\/2016\/02\/Mediation-4.jpg 1148w, https:\/\/www.martini-mediation.de\/wp-content\/uploads\/2016\/02\/Mediation-4-300x207.jpg 300w, https:\/\/www.martini-mediation.de\/wp-content\/uploads\/2016\/02\/Mediation-4-768x530.jpg 768w, https:\/\/www.martini-mediation.de\/wp-content\/uploads\/2016\/02\/Mediation-4-1024x706.jpg 1024w, https:\/\/www.martini-mediation.de\/wp-content\/uploads\/2016\/02\/Mediation-4-705x486.jpg 705w, https:\/\/www.martini-mediation.de\/wp-content\/uploads\/2016\/02\/Mediation-4-450x310.jpg 450w\" sizes=\"(max-width: 1148px) 100vw, 1148px\" \/><div class='big-prev-fake'><img decoding=\"async\" loading=\"lazy\" class=\"wp-image-162 avia-img-lazy-loading-162\"  width=\"495\" height=\"400\" src=\"https:\/\/www.martini-mediation.de\/wp-content\/uploads\/2016\/02\/Mediation-4-495x400.jpg\" title='Mediatorin' alt='' srcset=\"https:\/\/www.martini-mediation.de\/wp-content\/uploads\/2016\/02\/Mediation-4-495x400.jpg 495w, https:\/\/www.martini-mediation.de\/wp-content\/uploads\/2016\/02\/Mediation-4-845x684.jpg 845w\" sizes=\"(max-width: 495px) 100vw, 495px\" \/><\/div><\/a><a href=\"https:\/\/www.martini-mediation.de\/wp-content\/uploads\/2016\/02\/Mediation-5-1024x683.jpg\" data-srcset=\"https:\/\/www.martini-mediation.de\/wp-content\/uploads\/2016\/02\/Mediation-5-1024x683.jpg 1024w, https:\/\/www.martini-mediation.de\/wp-content\/uploads\/2016\/02\/Mediation-5-300x200.jpg 300w, https:\/\/www.martini-mediation.de\/wp-content\/uploads\/2016\/02\/Mediation-5-768x512.jpg 768w, https:\/\/www.martini-mediation.de\/wp-content\/uploads\/2016\/02\/Mediation-5-1500x1000.jpg 1500w, https:\/\/www.martini-mediation.de\/wp-content\/uploads\/2016\/02\/Mediation-5-705x470.jpg 705w, https:\/\/www.martini-mediation.de\/wp-content\/uploads\/2016\/02\/Mediation-5-450x300.jpg 450w\" data-sizes=\"(max-width: 1024px) 100vw, 1024px\" data-rel='gallery-1' data-prev-img='https:\/\/www.martini-mediation.de\/wp-content\/uploads\/2016\/02\/Mediation-5-495x400.jpg' class='avianolink noLightbox ' data-onclick='5' title='Mediatorin Erlangen'  itemprop=\"thumbnailUrl\"  ><img decoding=\"async\" fetchpriority=\"high\" class=\"wp-image-163 avia-img-lazy-loading-not-163\"   src=\"https:\/\/www.martini-mediation.de\/wp-content\/uploads\/2016\/02\/Mediation-5.jpg\" width=\"2606\" height=\"1737\"  title='Mediatorin Erlangen' alt='' srcset=\"https:\/\/www.martini-mediation.de\/wp-content\/uploads\/2016\/02\/Mediation-5.jpg 2606w, https:\/\/www.martini-mediation.de\/wp-content\/uploads\/2016\/02\/Mediation-5-300x200.jpg 300w, https:\/\/www.martini-mediation.de\/wp-content\/uploads\/2016\/02\/Mediation-5-768x512.jpg 768w, https:\/\/www.martini-mediation.de\/wp-content\/uploads\/2016\/02\/Mediation-5-1024x683.jpg 1024w, https:\/\/www.martini-mediation.de\/wp-content\/uploads\/2016\/02\/Mediation-5-1500x1000.jpg 1500w, https:\/\/www.martini-mediation.de\/wp-content\/uploads\/2016\/02\/Mediation-5-705x470.jpg 705w, https:\/\/www.martini-mediation.de\/wp-content\/uploads\/2016\/02\/Mediation-5-450x300.jpg 450w\" sizes=\"(max-width: 2606px) 100vw, 2606px\" \/><div class='big-prev-fake'><img decoding=\"async\" loading=\"lazy\" class=\"wp-image-163 avia-img-lazy-loading-163\"  width=\"495\" height=\"400\" src=\"https:\/\/www.martini-mediation.de\/wp-content\/uploads\/2016\/02\/Mediation-5-495x400.jpg\" title='Mediatorin Erlangen' alt='' srcset=\"https:\/\/www.martini-mediation.de\/wp-content\/uploads\/2016\/02\/Mediation-5-495x400.jpg 495w, https:\/\/www.martini-mediation.de\/wp-content\/uploads\/2016\/02\/Mediation-5-845x684.jpg 845w\" sizes=\"(max-width: 495px) 100vw, 495px\" \/><\/div><\/a><a href=\"https:\/\/www.martini-mediation.de\/wp-content\/uploads\/2016\/02\/Mediation-6-1024x709.jpg\" data-srcset=\"https:\/\/www.martini-mediation.de\/wp-content\/uploads\/2016\/02\/Mediation-6-1024x709.jpg 1024w, https:\/\/www.martini-mediation.de\/wp-content\/uploads\/2016\/02\/Mediation-6-300x208.jpg 300w, https:\/\/www.martini-mediation.de\/wp-content\/uploads\/2016\/02\/Mediation-6-768x532.jpg 768w, https:\/\/www.martini-mediation.de\/wp-content\/uploads\/2016\/02\/Mediation-6-1500x1039.jpg 1500w, https:\/\/www.martini-mediation.de\/wp-content\/uploads\/2016\/02\/Mediation-6-705x488.jpg 705w, https:\/\/www.martini-mediation.de\/wp-content\/uploads\/2016\/02\/Mediation-6-450x312.jpg 450w\" data-sizes=\"(max-width: 1024px) 100vw, 1024px\" data-rel='gallery-1' data-prev-img='https:\/\/www.martini-mediation.de\/wp-content\/uploads\/2016\/02\/Mediation-6-495x400.jpg' class='avianolink noLightbox ' data-onclick='6' title='Mediation Erlangen'  itemprop=\"thumbnailUrl\"  ><img decoding=\"async\" fetchpriority=\"high\" class=\"wp-image-164 avia-img-lazy-loading-not-164\"   src=\"https:\/\/www.martini-mediation.de\/wp-content\/uploads\/2016\/02\/Mediation-6.jpg\" width=\"2284\" height=\"1582\"  title='Mediation Erlangen' alt='' srcset=\"https:\/\/www.martini-mediation.de\/wp-content\/uploads\/2016\/02\/Mediation-6.jpg 2284w, https:\/\/www.martini-mediation.de\/wp-content\/uploads\/2016\/02\/Mediation-6-300x208.jpg 300w, https:\/\/www.martini-mediation.de\/wp-content\/uploads\/2016\/02\/Mediation-6-768x532.jpg 768w, https:\/\/www.martini-mediation.de\/wp-content\/uploads\/2016\/02\/Mediation-6-1024x709.jpg 1024w, https:\/\/www.martini-mediation.de\/wp-content\/uploads\/2016\/02\/Mediation-6-1500x1039.jpg 1500w, https:\/\/www.martini-mediation.de\/wp-content\/uploads\/2016\/02\/Mediation-6-705x488.jpg 705w, https:\/\/www.martini-mediation.de\/wp-content\/uploads\/2016\/02\/Mediation-6-450x312.jpg 450w\" sizes=\"(max-width: 2284px) 100vw, 2284px\" \/><div class='big-prev-fake'><img decoding=\"async\" loading=\"lazy\" class=\"wp-image-164 avia-img-lazy-loading-164\"  width=\"495\" height=\"400\" src=\"https:\/\/www.martini-mediation.de\/wp-content\/uploads\/2016\/02\/Mediation-6-495x400.jpg\" title='Mediation Erlangen' alt='' srcset=\"https:\/\/www.martini-mediation.de\/wp-content\/uploads\/2016\/02\/Mediation-6-495x400.jpg 495w, https:\/\/www.martini-mediation.de\/wp-content\/uploads\/2016\/02\/Mediation-6-845x684.jpg 845w\" sizes=\"(max-width: 495px) 100vw, 495px\" \/><\/div><\/a><\/div><\/div>\n\n<style type=\"text\/css\" data-created_by=\"avia_inline_auto\" id=\"style-css-av-av_heading-07122106c768489208986b8987ecb2ea\">\n#top .av-special-heading.av-av_heading-07122106c768489208986b8987ecb2ea{\npadding-bottom:30px;\ncolor:#83a846;\n}\nbody .av-special-heading.av-av_heading-07122106c768489208986b8987ecb2ea .av-special-heading-tag .heading-char{\nfont-size:25px;\n}\n.av-special-heading.av-av_heading-07122106c768489208986b8987ecb2ea .special-heading-inner-border{\nborder-color:#83a846;\n}\n.av-special-heading.av-av_heading-07122106c768489208986b8987ecb2ea .av-subheading{\nfont-size:15px;\n}\n<\/style>\n<div  class='av-special-heading av-av_heading-07122106c768489208986b8987ecb2ea av-special-heading-h3 custom-color-heading blockquote modern-quote  avia-builder-el-1  el_after_av_gallery  el_before_av_textblock '><h3 class='av-special-heading-tag'  itemprop=\"headline\"  >Mediation \u2013 Konflikte nachhaltig l\u00f6sen<\/h3><div class=\"special-heading-border\"><div class=\"special-heading-inner-border\"><\/div><\/div><\/div>\n<section  class='av_textblock_section av-av_textblock-0366cc7376be6c9e82a3e9cc8987b64f '   itemscope=\"itemscope\" itemtype=\"https:\/\/schema.org\/CreativeWork\" ><div class='avia_textblock'  itemprop=\"text\" ><p>Konflikte sind nichts Ungew\u00f6hnliches. Sie entstehen in allen Lebensbereichen. Worauf es ankommt ist der Umgang mit ihnen, damit sie nicht zur dauerhaften Belastung werden. Eine von verschiedenen, sehr unterschiedlichen M\u00f6glichkeiten mit Konflikten umzugehen, ist die Mediation, ein zukunftsorientiertes Verfahren der au\u00dfergerichtlichen Streitbeilegung, bei dem die Beteiligten unterst\u00fctzt von einem unparteiischen Dritten, dem Mediator, eigenverantwortlich und einvernehmlich individuelle L\u00f6sungen aushandeln.<\/p>\n<p>Im Gegensatz zum klassischen Gerichtsverfahren, das nur rechtlich relevante Tatbest\u00e4nde f\u00fcr die Entscheidung ber\u00fccksichtigt, stellt das Mediationsverfahren den Menschen, dessen Beziehungen mit all seinen Interessen, Bed\u00fcrfnissen und Sorgen in den Mittelpunkt. Am Ende stehen fair ausgehandelte L\u00f6sungen, die dem einzelnen Menschen und ihren Bed\u00fcrfnissen gerecht werden und die f\u00fcr alle Beteiligten m\u00f6glichst vorteilhaft sind. Deeskalation und Vers\u00f6hnung werden m\u00f6glich.<\/p>\n<p>In diesem Sinne liegen in jedem Konflikt auch verborgene Chancen.<\/p>\n<p>Anhaltende Auseinandersetzungen beruhen oft auf Kommunikationsschwierigkeiten. Genau hier setzen die Techniken der Mediation an, indem versucht wird, die Kommunikation wieder auf konstruktive Wege zu f\u00fchren.<\/p>\n<p>F\u00fcr n\u00e4here Informationen lade ich Sie ein, sich auf diesen Seiten weiter umzuschauen oder mich unverbindlich f\u00fcr ein telefonisches Vorgespr\u00e4ch zu kontaktieren.<\/p>\n<p>Ihre<\/p>\n<p>Katharina Martini<\/p>\n<\/div><\/section>\n","protected":false},"excerpt":{"rendered":"","protected":false},"author":1,"featured_media":0,"parent":0,"menu_order":1,"comment_status":"closed","ping_status":"closed","template":"","meta":{"footnotes":""},"_links":{"self":[{"href":"https:\/\/www.martini-mediation.de\/index.php?rest_route=\/wp\/v2\/pages\/8"}],"collection":[{"href":"https:\/\/www.martini-mediation.de\/index.php?rest_route=\/wp\/v2\/pages"}],"about":[{"href":"https:\/\/www.martini-mediation.de\/index.php?rest_route=\/wp\/v2\/types\/page"}],"author":[{"embeddable":true,"href":"https:\/\/www.martini-mediation.de\/index.php?rest_route=\/wp\/v2\/users\/1"}],"replies":[{"embeddable":true,"href":"https:\/\/www.martini-mediation.de\/index.php?rest_route=%2Fwp%2Fv2%2Fcomments&post=8"}],"version-history":[{"count":30,"href":"https:\/\/www.martini-mediation.de\/index.php?rest_route=\/wp\/v2\/pages\/8\/revisions"}],"predecessor-version":[{"id":215,"href":"https:\/\/www.martini-mediation.de\/index.php?rest_route=\/wp\/v2\/pages\/8\/revisions\/215"}],"wp:attachment":[{"href":"https:\/\/www.martini-mediation.de\/index.php?rest_route=%2Fwp%2Fv2%2Fmedia&parent=8"}],"curies":[{"name":"wp","href":"https:\/\/api.w.org\/{rel}","templated":true}]}}